{"id":29669,"date":"2023-03-08T15:09:28","date_gmt":"2023-03-08T15:09:28","guid":{"rendered":"https:\/\/fondation-arrawaj.ma\/?page_id=29669"},"modified":"2024-03-17T14:31:11","modified_gmt":"2024-03-17T14:31:11","slug":"le-mot-de-la-direction-du-capital-humain","status":"publish","type":"page","link":"https:\/\/fondation-arrawaj.ma\/en\/le-mot-de-la-direction-du-capital-humain\/","title":{"rendered":"Le mot de la Direction  du Capital Humain"},"content":{"rendered":"<div data-elementor-type=\"wp-post\" data-elementor-id=\"29669\" class=\"elementor elementor-29669\" data-elementor-settings=\"[]\">\n\t\t\t\t\t\t\t<div class=\"elementor-section-wrap\">\n\t\t\t\t\t\t\t<section class=\"elementor-section elementor-top-section elementor-element elementor-element-b0bd189 mtitle elementor-section-boxed elementor-section-height-default elementor-section-height-default neuron-fixed-no\" data-id=\"b0bd189\" data-element_type=\"section\" data-settings=\"{&quot;background_background&quot;:&quot;classic&quot;}\">\n\t\t\t\t\t\t<div class=\"elementor-container elementor-column-gap-default\">\n\t\t\t\t\t<div class=\"elementor-column elementor-col-100 elementor-top-column elementor-element elementor-element-6ef1abb\" data-id=\"6ef1abb\" data-element_type=\"column\">\n\t\t\t<div class=\"elementor-widget-wrap elementor-element-populated\">\n\t\t\t\t\t\t\t\t<div class=\"elementor-element elementor-element-485261e elementor-widget elementor-widget-heading\" data-id=\"485261e\" data-element_type=\"widget\" id=\"retour\" data-widget_type=\"heading.default\">\n\t\t\t\t<div class=\"elementor-widget-container\">\n\t\t\t<h1 class=\"elementor-heading-title elementor-size-default\">        <i><img decoding=\"async\"  style=\"    margin-top: -3px!important;\" src=\"http:\/\/fondation-arrawaj.ma\/wp-content\/uploads\/2023\/09\/pngwing.com-copy-1515-copy-with.png\" alt=\"\" width=\"25px\"><\/i> BACK<\/h1>\t\t<\/div>\n\t\t\t\t<\/div>\n\t\t\t\t<div class=\"elementor-element elementor-element-1d5aad0 elementor-widget elementor-widget-heading\" data-id=\"1d5aad0\" data-element_type=\"widget\" data-widget_type=\"heading.default\">\n\t\t\t\t<div class=\"elementor-widget-container\">\n\t\t\t<h2 class=\"elementor-heading-title elementor-size-default\">Le mot de la Direction <br>\n du Capital Humain<\/h2>\t\t<\/div>\n\t\t\t\t<\/div>\n\t\t\t\t\t<\/div>\n\t\t<\/div>\n\t\t\t\t\t\t\t<\/div>\n\t\t<\/section>\n\t\t\t\t<section class=\"elementor-section elementor-top-section elementor-element elementor-element-bfdebcb elementor-section-full_width elementor-section-height-default elementor-section-height-default neuron-fixed-no elementor-invisible\" data-id=\"bfdebcb\" data-element_type=\"section\" data-settings=\"{&quot;background_background&quot;:&quot;classic&quot;,&quot;animation&quot;:&quot;fadeInUp&quot;}\">\n\t\t\t\t\t\t<div class=\"elementor-container elementor-column-gap-no\">\n\t\t\t\t\t<div class=\"elementor-column elementor-col-100 elementor-top-column elementor-element elementor-element-d8fc2cd\" data-id=\"d8fc2cd\" data-element_type=\"column\">\n\t\t\t<div class=\"elementor-widget-wrap elementor-element-populated\">\n\t\t\t\t\t\t\t\t<div class=\"elementor-element elementor-element-581f669 elementor-widget elementor-widget-text-editor\" data-id=\"581f669\" data-element_type=\"widget\" data-widget_type=\"text-editor.default\">\n\t\t\t\t<div class=\"elementor-widget-container\">\n\t\t\t\t\t\t\t\t<p>La Politique RH de la Fondation Arrawaj est tourn\u00e9e vers la qu\u00eate de la performance et de l\u2019excellence, gr\u00e2ce au talent et \u00e0 l\u2019engagement de ses hommes et ses femmes.<\/p><p>Chez la Fondation Arrawaj, nous sommes convaincus que notre richesse principale r\u00e9side dans notre capital humain. Ainsi, nous attachons une attention particuli\u00e8re \u00e0 instaurer au sein de l\u2019institution un environnement de travail propice l\u2019\u00e9panouissement et \u00e0 la bonne performance.<\/p><p>A cet \u00e9gard, nous \u0153uvrons \u00e0 favoriser des relations professionnelles harmonieuses en pratiquant un dialogue ouvert et bienveillant. Nous veillons \u00e9galement \u00e0 offrir \u00e0 chaque collaborateur une trajectoire de carri\u00e8re et un accompagnement personnalis\u00e9 tout au long de son parcours professionnel. <br \/>Avec plus de 25 ans d\u2019existence, la Fondation Arrawaj est une institution p\u00e9renne qui offre \u00e0 ses collaborateurs un environnement professionnel hautement dynamique et stimulant. Acteur majeur de la micro-finance et employeur de grand renom au Maroc, la Fondation s\u2019inscrit dans une dynamique de d\u00e9veloppement port\u00e9e par son capital humain.<\/p><p>Convaincue que la Parit\u00e9 Homme Femme constitue un v\u00e9ritable levier d&rsquo;innovation, de cr\u00e9ativit\u00e9 et de performance, la fondation Arrawaj est historiquement engag\u00e9e en faveur de l&rsquo;\u00e9galit\u00e9 professionnelle et pr\u00f4ne la parit\u00e9 \u00e0 tous les niveaux de son organisation.<\/p><p>Rejoindre la Fondation Arrawaj, c\u2019est partager avec l\u2019ensemble de nos collaborateurs un socle de valeurs fortes, fond\u00e9 sur des principes d\u2019\u00e9quit\u00e9, de transparence et de responsabilit\u00e9 soci\u00e9tale. C\u2019est aussi partager la mission noble d\u2019une institution qui s\u2019emploie \u00e0 favoriser l\u2019inclusion \u00e9conomique et sociale des populations \u00e0 faibles revenus.<\/p>\t\t\t\t\t\t<\/div>\n\t\t\t\t<\/div>\n\t\t\t\t\t<\/div>\n\t\t<\/div>\n\t\t\t\t\t\t\t<\/div>\n\t\t<\/section>\n\t\t\t\t\t\t<\/div>\n\t\t\t\t\t<\/div>","protected":false},"excerpt":{"rendered":"<p>RETOUR Le mot de la Direction du Capital Humain La Politique RH de la Fondation Arrawaj est tourn\u00e9e&#8230;<\/p>","protected":false},"author":1,"featured_media":0,"parent":0,"menu_order":6,"comment_status":"closed","ping_status":"closed","template":"","meta":{"footnotes":""},"yoast_head":"<!-- This site is optimized with the Yoast SEO plugin v23.5 - https:\/\/yoast.com\/wordpress\/plugins\/seo\/ -->\n<title>Le mot de la Direction du Capital Humain - Fondation Arrawaj<\/title>\n<meta name=\"robots\" content=\"index, follow, max-snippet:-1, max-image-preview:large, max-video-preview:-1\" \/>\n<link rel=\"canonical\" href=\"https:\/\/fondation-arrawaj.ma\/en\/le-mot-de-la-direction-du-capital-humain\/\" \/>\n<meta property=\"og:locale\" content=\"en_US\" \/>\n<meta property=\"og:type\" content=\"article\" \/>\n<meta property=\"og:title\" content=\"Le mot de la Direction du Capital Humain - Fondation Arrawaj\" \/>\n<meta property=\"og:description\" content=\"RETOUR Le mot de la Direction du Capital Humain La Politique RH de la Fondation Arrawaj est tourn\u00e9e...\" \/>\n<meta property=\"og:url\" content=\"https:\/\/fondation-arrawaj.ma\/en\/le-mot-de-la-direction-du-capital-humain\/\" \/>\n<meta property=\"og:site_name\" content=\"Fondation Arrawaj\" \/>\n<meta property=\"article:publisher\" content=\"https:\/\/web.facebook.com\/fondationarrawaj\/\" \/>\n<meta property=\"article:modified_time\" content=\"2024-03-17T14:31:11+00:00\" \/>\n<meta property=\"og:image\" content=\"http:\/\/fondation-arrawaj.ma\/wp-content\/uploads\/2023\/09\/pngwing.com-copy-1515-copy-with.png\" \/>\n<meta name=\"twitter:card\" content=\"summary_large_image\" \/>\n<meta name=\"twitter:label1\" content=\"Est. reading time\" \/>\n\t<meta name=\"twitter:data1\" content=\"1 minute\" \/>\n<script type=\"application\/ld+json\" class=\"yoast-schema-graph\">{\"@context\":\"https:\/\/schema.org\",\"@graph\":[{\"@type\":\"WebPage\",\"@id\":\"https:\/\/fondation-arrawaj.ma\/le-mot-de-la-direction-du-capital-humain\/\",\"url\":\"https:\/\/fondation-arrawaj.ma\/le-mot-de-la-direction-du-capital-humain\/\",\"name\":\"Le mot de la Direction du Capital Humain - Fondation Arrawaj\",\"isPartOf\":{\"@id\":\"https:\/\/fondation-arrawaj.ma\/#website\"},\"primaryImageOfPage\":{\"@id\":\"https:\/\/fondation-arrawaj.ma\/le-mot-de-la-direction-du-capital-humain\/#primaryimage\"},\"image\":{\"@id\":\"https:\/\/fondation-arrawaj.ma\/le-mot-de-la-direction-du-capital-humain\/#primaryimage\"},\"thumbnailUrl\":\"http:\/\/fondation-arrawaj.ma\/wp-content\/uploads\/2023\/09\/pngwing.com-copy-1515-copy-with.png\",\"datePublished\":\"2023-03-08T15:09:28+00:00\",\"dateModified\":\"2024-03-17T14:31:11+00:00\",\"breadcrumb\":{\"@id\":\"https:\/\/fondation-arrawaj.ma\/le-mot-de-la-direction-du-capital-humain\/#breadcrumb\"},\"inLanguage\":\"en-US\",\"potentialAction\":[{\"@type\":\"ReadAction\",\"target\":[\"https:\/\/fondation-arrawaj.ma\/le-mot-de-la-direction-du-capital-humain\/\"]}]},{\"@type\":\"ImageObject\",\"inLanguage\":\"en-US\",\"@id\":\"https:\/\/fondation-arrawaj.ma\/le-mot-de-la-direction-du-capital-humain\/#primaryimage\",\"url\":\"http:\/\/fondation-arrawaj.ma\/wp-content\/uploads\/2023\/09\/pngwing.com-copy-1515-copy-with.png\",\"contentUrl\":\"http:\/\/fondation-arrawaj.ma\/wp-content\/uploads\/2023\/09\/pngwing.com-copy-1515-copy-with.png\"},{\"@type\":\"BreadcrumbList\",\"@id\":\"https:\/\/fondation-arrawaj.ma\/le-mot-de-la-direction-du-capital-humain\/#breadcrumb\",\"itemListElement\":[{\"@type\":\"ListItem\",\"position\":1,\"name\":\"Accueil\",\"item\":\"https:\/\/fondation-arrawaj.ma\/\"},{\"@type\":\"ListItem\",\"position\":2,\"name\":\"Le mot de la Direction du Capital Humain\"}]},{\"@type\":\"WebSite\",\"@id\":\"https:\/\/fondation-arrawaj.ma\/#website\",\"url\":\"https:\/\/fondation-arrawaj.ma\/\",\"name\":\"Fondation Arrawaj\",\"description\":\"La finance pour le social\",\"publisher\":{\"@id\":\"https:\/\/fondation-arrawaj.ma\/#organization\"},\"potentialAction\":[{\"@type\":\"SearchAction\",\"target\":{\"@type\":\"EntryPoint\",\"urlTemplate\":\"https:\/\/fondation-arrawaj.ma\/?s={search_term_string}\"},\"query-input\":{\"@type\":\"PropertyValueSpecification\",\"valueRequired\":true,\"valueName\":\"search_term_string\"}}],\"inLanguage\":\"en-US\"},{\"@type\":\"Organization\",\"@id\":\"https:\/\/fondation-arrawaj.ma\/#organization\",\"name\":\"Fondation Arrawaj\",\"url\":\"https:\/\/fondation-arrawaj.ma\/\",\"logo\":{\"@type\":\"ImageObject\",\"inLanguage\":\"en-US\",\"@id\":\"https:\/\/fondation-arrawaj.ma\/#\/schema\/logo\/image\/\",\"url\":\"http:\/\/fondation-arrawaj.ma\/wp-content\/uploads\/2023\/04\/logo-4.png\",\"contentUrl\":\"http:\/\/fondation-arrawaj.ma\/wp-content\/uploads\/2023\/04\/logo-4.png\",\"width\":375,\"height\":57,\"caption\":\"Fondation Arrawaj\"},\"image\":{\"@id\":\"https:\/\/fondation-arrawaj.ma\/#\/schema\/logo\/image\/\"},\"sameAs\":[\"https:\/\/web.facebook.com\/fondationarrawaj\/\",\"https:\/\/www.instagram.com\/fondationarrawaj\/?igshid=YmMyMTA2M2Y\"]}]}<\/script>\n<!-- \/ Yoast SEO plugin. -->","yoast_head_json":{"title":"Le mot de la Direction du Capital Humain - Fondation Arrawaj","robots":{"index":"index","follow":"follow","max-snippet":"max-snippet:-1","max-image-preview":"max-image-preview:large","max-video-preview":"max-video-preview:-1"},"canonical":"https:\/\/fondation-arrawaj.ma\/en\/le-mot-de-la-direction-du-capital-humain\/","og_locale":"en_US","og_type":"article","og_title":"Le mot de la Direction du Capital Humain - Fondation Arrawaj","og_description":"RETOUR Le mot de la Direction du Capital Humain La Politique RH de la Fondation Arrawaj est tourn\u00e9e...","og_url":"https:\/\/fondation-arrawaj.ma\/en\/le-mot-de-la-direction-du-capital-humain\/","og_site_name":"Fondation Arrawaj","article_publisher":"https:\/\/web.facebook.com\/fondationarrawaj\/","article_modified_time":"2024-03-17T14:31:11+00:00","og_image":[{"url":"http:\/\/fondation-arrawaj.ma\/wp-content\/uploads\/2023\/09\/pngwing.com-copy-1515-copy-with.png"}],"twitter_card":"summary_large_image","twitter_misc":{"Est. reading time":"1 minute"},"schema":{"@context":"https:\/\/schema.org","@graph":[{"@type":"WebPage","@id":"https:\/\/fondation-arrawaj.ma\/le-mot-de-la-direction-du-capital-humain\/","url":"https:\/\/fondation-arrawaj.ma\/le-mot-de-la-direction-du-capital-humain\/","name":"Le mot de la Direction du Capital Humain - Fondation Arrawaj","isPartOf":{"@id":"https:\/\/fondation-arrawaj.ma\/#website"},"primaryImageOfPage":{"@id":"https:\/\/fondation-arrawaj.ma\/le-mot-de-la-direction-du-capital-humain\/#primaryimage"},"image":{"@id":"https:\/\/fondation-arrawaj.ma\/le-mot-de-la-direction-du-capital-humain\/#primaryimage"},"thumbnailUrl":"http:\/\/fondation-arrawaj.ma\/wp-content\/uploads\/2023\/09\/pngwing.com-copy-1515-copy-with.png","datePublished":"2023-03-08T15:09:28+00:00","dateModified":"2024-03-17T14:31:11+00:00","breadcrumb":{"@id":"https:\/\/fondation-arrawaj.ma\/le-mot-de-la-direction-du-capital-humain\/#breadcrumb"},"inLanguage":"en-US","potentialAction":[{"@type":"ReadAction","target":["https:\/\/fondation-arrawaj.ma\/le-mot-de-la-direction-du-capital-humain\/"]}]},{"@type":"ImageObject","inLanguage":"en-US","@id":"https:\/\/fondation-arrawaj.ma\/le-mot-de-la-direction-du-capital-humain\/#primaryimage","url":"http:\/\/fondation-arrawaj.ma\/wp-content\/uploads\/2023\/09\/pngwing.com-copy-1515-copy-with.png","contentUrl":"http:\/\/fondation-arrawaj.ma\/wp-content\/uploads\/2023\/09\/pngwing.com-copy-1515-copy-with.png"},{"@type":"BreadcrumbList","@id":"https:\/\/fondation-arrawaj.ma\/le-mot-de-la-direction-du-capital-humain\/#breadcrumb","itemListElement":[{"@type":"ListItem","position":1,"name":"Accueil","item":"https:\/\/fondation-arrawaj.ma\/"},{"@type":"ListItem","position":2,"name":"Le mot de la Direction du Capital Humain"}]},{"@type":"WebSite","@id":"https:\/\/fondation-arrawaj.ma\/#website","url":"https:\/\/fondation-arrawaj.ma\/","name":"Fondation Arrawaj","description":"La finance pour le social","publisher":{"@id":"https:\/\/fondation-arrawaj.ma\/#organization"},"potentialAction":[{"@type":"SearchAction","target":{"@type":"EntryPoint","urlTemplate":"https:\/\/fondation-arrawaj.ma\/?s={search_term_string}"},"query-input":{"@type":"PropertyValueSpecification","valueRequired":true,"valueName":"search_term_string"}}],"inLanguage":"en-US"},{"@type":"Organization","@id":"https:\/\/fondation-arrawaj.ma\/#organization","name":"Fondation Arrawaj","url":"https:\/\/fondation-arrawaj.ma\/","logo":{"@type":"ImageObject","inLanguage":"en-US","@id":"https:\/\/fondation-arrawaj.ma\/#\/schema\/logo\/image\/","url":"http:\/\/fondation-arrawaj.ma\/wp-content\/uploads\/2023\/04\/logo-4.png","contentUrl":"http:\/\/fondation-arrawaj.ma\/wp-content\/uploads\/2023\/04\/logo-4.png","width":375,"height":57,"caption":"Fondation Arrawaj"},"image":{"@id":"https:\/\/fondation-arrawaj.ma\/#\/schema\/logo\/image\/"},"sameAs":["https:\/\/web.facebook.com\/fondationarrawaj\/","https:\/\/www.instagram.com\/fondationarrawaj\/?igshid=YmMyMTA2M2Y"]}]}},"_links":{"self":[{"href":"https:\/\/fondation-arrawaj.ma\/en\/wp-json\/wp\/v2\/pages\/29669"}],"collection":[{"href":"https:\/\/fondation-arrawaj.ma\/en\/wp-json\/wp\/v2\/pages"}],"about":[{"href":"https:\/\/fondation-arrawaj.ma\/en\/wp-json\/wp\/v2\/types\/page"}],"author":[{"embeddable":true,"href":"https:\/\/fondation-arrawaj.ma\/en\/wp-json\/wp\/v2\/users\/1"}],"replies":[{"embeddable":true,"href":"https:\/\/fondation-arrawaj.ma\/en\/wp-json\/wp\/v2\/comments?post=29669"}],"version-history":[{"count":47,"href":"https:\/\/fondation-arrawaj.ma\/en\/wp-json\/wp\/v2\/pages\/29669\/revisions"}],"predecessor-version":[{"id":49592,"href":"https:\/\/fondation-arrawaj.ma\/en\/wp-json\/wp\/v2\/pages\/29669\/revisions\/49592"}],"wp:attachment":[{"href":"https:\/\/fondation-arrawaj.ma\/en\/wp-json\/wp\/v2\/media?parent=29669"}],"curies":[{"name":"wp","href":"https:\/\/api.w.org\/{rel}","templated":true}]}}